{"id":341,"date":"2018-04-18T09:41:14","date_gmt":"2018-04-18T08:41:14","guid":{"rendered":"http:\/\/lnx.luma.it\/?post_type=product&#038;p=341"},"modified":"2019-09-05T18:35:25","modified_gmt":"2019-09-05T16:35:25","slug":"scaricatore-sovratensione-monofase","status":"publish","type":"product","link":"https:\/\/luma.it\/en\/prodotto\/scaricatore-sovratensione-monofase\/","title":{"rendered":"SCARICATORE SOVRATENSIONE MONOFASE"},"content":{"rendered":"","protected":false},"excerpt":{"rendered":"<p>SCARICATORE SOVRATENSIONE CLASSE C per impianti MONOFASE 1+N Vca<br \/>\nADATTO ANCHE PER IMPIANTI FOTOVOLTAICI per collegamento inverter lato alternata<br \/>\nTENSIONE NOMINALE Uc = -275 Vca<br \/>\ncorrente di scarica nominale (8\/20 micro sec) = 20 KA<br \/>\ncorrente di scarica massima (8\/20 micro sec) = 40 KA<br \/>\ntempo di risposta minore di 25 nsec<br \/>\ninstallazione su barra din standard<\/p>\n<p>Entrambe le cartucce sono removibili<\/p>\n<p>disponibile prezzi scontati per quantit\u00e0 superiori a 10 pezzi<br \/>\nquesto tipo di scaricatore si pu\u00f2 montare in tutti tipi di impianto, civile ed industriale, \u00e8 un ottimo dispositivo per la protezione contro le sovratensioni provocate da fulmini o da manovre elettriche come gli sbalzi di tensione causati accensioni e spegnimenti di grossi carichi nella zona esempio industrie situate nelle zone limitrofe , questi apparecchi sono comunemente denominati SPD ( SURGE PROTECTION DEVICES), Sono dispositivi progettati per salvaguardare i sistemi e le apparecchiature elettriche contro le sovratensioni . La loro funzione e quella di deviare a terra la corrente di scarica impulsiva generata da una sovratensione proteggendo in questo modo le apparecchiature a Valle<br \/>\nin alcuni casi \u00e8 obbligatorio esempio negli impianti fotovoltaici, mentre in tanti altri \u00e8 facoltativo ma consigliabile , questo modello va bene per gli impianti a 220 volt monofase + neutro ( cio\u00e9 tensione che viene data normalmente alle abitazioni civili, negozi e uffici pu\u00f2 essere utilizzato anche per impianti fotovoltaici solo per il lato inverter-contatore ( mentre per il lato inverter- pannelli ne ho un altro tipo )<br \/>\nLE CARTUCCE SONO ESTRAIBILI e quindi si possono sostituire , le trovi nei miei annunci<br \/>\nle cartucce montate sono di due tipi , quella di tipo N-PE si pu\u00f2 sostituire con una fase<\/p>\n<p>&nbsp;<\/p>\n","protected":false},"featured_media":342,"template":"","meta":{"site-sidebar-layout":"default","site-content-layout":"default","ast-site-content-layout":"default","site-content-style":"default","site-sidebar-style":"default","ast-global-header-display":"","ast-banner-title-visibility":"","ast-main-header-display":"","ast-hfb-above-header-display":"","ast-hfb-below-header-display":"","ast-hfb-mobile-header-display":"","site-post-title":"","ast-breadcrumbs-content":"","ast-featured-img":"","footer-sml-layout":"","ast-disable-related-posts":"","theme-transparent-header-meta":"default","adv-header-id-meta":"","stick-header-meta":"","header-above-stick-meta":"","header-main-stick-meta":"","header-below-stick-meta":"","astra-migrate-meta-layouts":"default","ast-page-background-enabled":"default","ast-page-background-meta":{"desktop":{"background-color":"","background-image":"","background-repeat":"repeat","background-position":"center center","background-size":"auto","background-attachment":"scroll","background-type":"","background-media":"","overlay-type":"","overlay-color":"","overlay-opacity":"","overlay-gradient":""},"tablet":{"background-color":"","background-image":"","background-repeat":"repeat","background-position":"center center","background-size":"auto","background-attachment":"scroll","background-type":"","background-media":"","overlay-type":"","overlay-color":"","overlay-opacity":"","overlay-gradient":""},"mobile":{"background-color":"","background-image":"","background-repeat":"repeat","background-position":"center center","background-size":"auto","background-attachment":"scroll","background-type":"","background-media":"","overlay-type":"","overlay-color":"","overlay-opacity":"","overlay-gradient":""}},"ast-content-background-meta":{"desktop":{"background-color":"var(--ast-global-color-5)","background-image":"","background-repeat":"repeat","background-position":"center center","background-size":"auto","background-attachment":"scroll","background-type":"","background-media":"","overlay-type":"","overlay-color":"","overlay-opacity":"","overlay-gradient":""},"tablet":{"background-color":"var(--ast-global-color-5)","background-image":"","background-repeat":"repeat","background-position":"center center","background-size":"auto","background-attachment":"scroll","background-type":"","background-media":"","overlay-type":"","overlay-color":"","overlay-opacity":"","overlay-gradient":""},"mobile":{"background-color":"var(--ast-global-color-5)","background-image":"","background-repeat":"repeat","background-position":"center center","background-size":"auto","background-attachment":"scroll","background-type":"","background-media":"","overlay-type":"","overlay-color":"","overlay-opacity":"","overlay-gradient":""}}},"product_brand":[],"product_cat":[26],"product_tag":[],"class_list":{"0":"post-341","1":"product","2":"type-product","3":"status-publish","4":"has-post-thumbnail","6":"product_cat-protezione_sovratensione","7":"desktop-align-left","8":"tablet-align-left","9":"mobile-align-left","11":"first","12":"instock","13":"shipping-taxable","14":"product-type-simple"},"yoast_head":"<!-- This site is optimized with the Yoast SEO plugin v27.4 - https:\/\/yoast.com\/product\/yoast-seo-wordpress\/ -->\n<title>SCARICATORE SOVRATENSIONE MONOFASE - luma<\/title>\n<meta name=\"robots\" content=\"index, follow, max-snippet:-1, max-image-preview:large, max-video-preview:-1\" \/>\n<link rel=\"canonical\" href=\"https:\/\/luma.it\/en\/prodotto\/scaricatore-sovratensione-monofase\/\" \/>\n<meta property=\"og:locale\" content=\"en_US\" \/>\n<meta property=\"og:type\" content=\"article\" \/>\n<meta property=\"og:title\" content=\"SCARICATORE SOVRATENSIONE MONOFASE - luma\" \/>\n<meta property=\"og:description\" content=\"SCARICATORE SOVRATENSIONE CLASSE C per impianti MONOFASE 1+N Vca ADATTO ANCHE PER IMPIANTI FOTOVOLTAICI per collegamento inverter lato alternata TENSIONE NOMINALE Uc = -275 Vca corrente di scarica nominale (8\/20 micro sec) = 20 KA corrente di scarica massima (8\/20 micro sec) = 40 KA tempo di risposta minore di 25 nsec installazione su barra din standard Entrambe le cartucce sono removibili disponibile prezzi scontati per quantit\u00e0 superiori a 10 pezzi questo tipo di scaricatore si pu\u00f2 montare in tutti tipi di impianto, civile ed industriale, \u00e8 un ottimo dispositivo per la protezione contro le sovratensioni provocate da fulmini o da manovre elettriche come gli sbalzi di tensione causati accensioni e spegnimenti di grossi carichi nella zona esempio industrie situate nelle zone limitrofe , questi apparecchi sono comunemente denominati SPD ( SURGE PROTECTION DEVICES), Sono dispositivi progettati per salvaguardare i sistemi e le apparecchiature elettriche contro le sovratensioni . La loro funzione e quella di deviare a terra la corrente di scarica impulsiva generata da una sovratensione proteggendo in questo modo le apparecchiature a Valle in alcuni casi \u00e8 obbligatorio esempio negli impianti fotovoltaici, mentre in tanti altri \u00e8 facoltativo ma consigliabile , questo modello va bene per gli impianti a 220 volt monofase + neutro ( cio\u00e9 tensione che viene data normalmente alle abitazioni civili, negozi e uffici pu\u00f2 essere utilizzato anche per impianti fotovoltaici solo per il lato inverter-contatore ( mentre per il lato inverter- pannelli ne ho un altro tipo ) LE CARTUCCE SONO ESTRAIBILI e quindi si possono sostituire , le trovi nei miei annunci le cartucce montate sono di due tipi , quella di tipo N-PE si pu\u00f2 sostituire con una fase &nbsp;\" \/>\n<meta property=\"og:url\" content=\"https:\/\/luma.it\/en\/prodotto\/scaricatore-sovratensione-monofase\/\" \/>\n<meta property=\"og:site_name\" content=\"luma\" \/>\n<meta property=\"article:publisher\" content=\"https:\/\/www.facebook.com\/luma.it\/\" \/>\n<meta property=\"article:modified_time\" content=\"2019-09-05T16:35:25+00:00\" \/>\n<meta property=\"og:image\" content=\"http:\/\/luma.it\/wp-content\/uploads\/2018\/04\/s-l1600-4.jpg\" \/>\n\t<meta property=\"og:image:width\" content=\"1152\" \/>\n\t<meta property=\"og:image:height\" content=\"768\" \/>\n\t<meta property=\"og:image:type\" content=\"image\/jpeg\" \/>\n<meta name=\"twitter:card\" content=\"summary_large_image\" \/>\n<script type=\"application\/ld+json\" class=\"yoast-schema-graph\">{\"@context\":\"https:\\\/\\\/schema.org\",\"@graph\":[{\"@type\":\"WebPage\",\"@id\":\"https:\\\/\\\/luma.it\\\/en\\\/prodotto\\\/scaricatore-sovratensione-monofase\\\/\",\"url\":\"https:\\\/\\\/luma.it\\\/en\\\/prodotto\\\/scaricatore-sovratensione-monofase\\\/\",\"name\":\"SCARICATORE SOVRATENSIONE MONOFASE - luma\",\"isPartOf\":{\"@id\":\"http:\\\/\\\/luma.it\\\/en\\\/#website\"},\"primaryImageOfPage\":{\"@id\":\"https:\\\/\\\/luma.it\\\/en\\\/prodotto\\\/scaricatore-sovratensione-monofase\\\/#primaryimage\"},\"image\":{\"@id\":\"https:\\\/\\\/luma.it\\\/en\\\/prodotto\\\/scaricatore-sovratensione-monofase\\\/#primaryimage\"},\"thumbnailUrl\":\"https:\\\/\\\/luma.it\\\/wp-content\\\/uploads\\\/2018\\\/04\\\/s-l1600-4.jpg\",\"datePublished\":\"2018-04-18T08:41:14+00:00\",\"dateModified\":\"2019-09-05T16:35:25+00:00\",\"breadcrumb\":{\"@id\":\"https:\\\/\\\/luma.it\\\/en\\\/prodotto\\\/scaricatore-sovratensione-monofase\\\/#breadcrumb\"},\"inLanguage\":\"en-US\",\"potentialAction\":[{\"@type\":\"ReadAction\",\"target\":[\"https:\\\/\\\/luma.it\\\/en\\\/prodotto\\\/scaricatore-sovratensione-monofase\\\/\"]}]},{\"@type\":\"ImageObject\",\"inLanguage\":\"en-US\",\"@id\":\"https:\\\/\\\/luma.it\\\/en\\\/prodotto\\\/scaricatore-sovratensione-monofase\\\/#primaryimage\",\"url\":\"https:\\\/\\\/luma.it\\\/wp-content\\\/uploads\\\/2018\\\/04\\\/s-l1600-4.jpg\",\"contentUrl\":\"https:\\\/\\\/luma.it\\\/wp-content\\\/uploads\\\/2018\\\/04\\\/s-l1600-4.jpg\",\"width\":1152,\"height\":768},{\"@type\":\"BreadcrumbList\",\"@id\":\"https:\\\/\\\/luma.it\\\/en\\\/prodotto\\\/scaricatore-sovratensione-monofase\\\/#breadcrumb\",\"itemListElement\":[{\"@type\":\"ListItem\",\"position\":1,\"name\":\"Home\",\"item\":\"http:\\\/\\\/luma.it\\\/en\\\/\"},{\"@type\":\"ListItem\",\"position\":2,\"name\":\"Products\",\"item\":\"https:\\\/\\\/luma.it\\\/en\\\/shop\\\/\"},{\"@type\":\"ListItem\",\"position\":3,\"name\":\"SCARICATORE SOVRATENSIONE MONOFASE\"}]},{\"@type\":\"WebSite\",\"@id\":\"http:\\\/\\\/luma.it\\\/en\\\/#website\",\"url\":\"http:\\\/\\\/luma.it\\\/en\\\/\",\"name\":\"luma\",\"description\":\"prodotti tecnologici\",\"publisher\":{\"@id\":\"http:\\\/\\\/luma.it\\\/en\\\/#organization\"},\"potentialAction\":[{\"@type\":\"SearchAction\",\"target\":{\"@type\":\"EntryPoint\",\"urlTemplate\":\"http:\\\/\\\/luma.it\\\/en\\\/?s={search_term_string}\"},\"query-input\":{\"@type\":\"PropertyValueSpecification\",\"valueRequired\":true,\"valueName\":\"search_term_string\"}}],\"inLanguage\":\"en-US\"},{\"@type\":\"Organization\",\"@id\":\"http:\\\/\\\/luma.it\\\/en\\\/#organization\",\"name\":\"luma\",\"url\":\"http:\\\/\\\/luma.it\\\/en\\\/\",\"logo\":{\"@type\":\"ImageObject\",\"inLanguage\":\"en-US\",\"@id\":\"http:\\\/\\\/luma.it\\\/en\\\/#\\\/schema\\\/logo\\\/image\\\/\",\"url\":\"https:\\\/\\\/luma.it\\\/wp-content\\\/uploads\\\/2018\\\/04\\\/LOGO_LUMAp.jpg\",\"contentUrl\":\"https:\\\/\\\/luma.it\\\/wp-content\\\/uploads\\\/2018\\\/04\\\/LOGO_LUMAp.jpg\",\"width\":100,\"height\":43,\"caption\":\"luma\"},\"image\":{\"@id\":\"http:\\\/\\\/luma.it\\\/en\\\/#\\\/schema\\\/logo\\\/image\\\/\"},\"sameAs\":[\"https:\\\/\\\/www.facebook.com\\\/luma.it\\\/\"]}]}<\/script>\n<!-- \/ Yoast SEO plugin. -->","yoast_head_json":{"title":"SCARICATORE SOVRATENSIONE MONOFASE - luma","robots":{"index":"index","follow":"follow","max-snippet":"max-snippet:-1","max-image-preview":"max-image-preview:large","max-video-preview":"max-video-preview:-1"},"canonical":"https:\/\/luma.it\/en\/prodotto\/scaricatore-sovratensione-monofase\/","og_locale":"en_US","og_type":"article","og_title":"SCARICATORE SOVRATENSIONE MONOFASE - luma","og_description":"SCARICATORE SOVRATENSIONE CLASSE C per impianti MONOFASE 1+N Vca ADATTO ANCHE PER IMPIANTI FOTOVOLTAICI per collegamento inverter lato alternata TENSIONE NOMINALE Uc = -275 Vca corrente di scarica nominale (8\/20 micro sec) = 20 KA corrente di scarica massima (8\/20 micro sec) = 40 KA tempo di risposta minore di 25 nsec installazione su barra din standard Entrambe le cartucce sono removibili disponibile prezzi scontati per quantit\u00e0 superiori a 10 pezzi questo tipo di scaricatore si pu\u00f2 montare in tutti tipi di impianto, civile ed industriale, \u00e8 un ottimo dispositivo per la protezione contro le sovratensioni provocate da fulmini o da manovre elettriche come gli sbalzi di tensione causati accensioni e spegnimenti di grossi carichi nella zona esempio industrie situate nelle zone limitrofe , questi apparecchi sono comunemente denominati SPD ( SURGE PROTECTION DEVICES), Sono dispositivi progettati per salvaguardare i sistemi e le apparecchiature elettriche contro le sovratensioni . La loro funzione e quella di deviare a terra la corrente di scarica impulsiva generata da una sovratensione proteggendo in questo modo le apparecchiature a Valle in alcuni casi \u00e8 obbligatorio esempio negli impianti fotovoltaici, mentre in tanti altri \u00e8 facoltativo ma consigliabile , questo modello va bene per gli impianti a 220 volt monofase + neutro ( cio\u00e9 tensione che viene data normalmente alle abitazioni civili, negozi e uffici pu\u00f2 essere utilizzato anche per impianti fotovoltaici solo per il lato inverter-contatore ( mentre per il lato inverter- pannelli ne ho un altro tipo ) LE CARTUCCE SONO ESTRAIBILI e quindi si possono sostituire , le trovi nei miei annunci le cartucce montate sono di due tipi , quella di tipo N-PE si pu\u00f2 sostituire con una fase &nbsp;","og_url":"https:\/\/luma.it\/en\/prodotto\/scaricatore-sovratensione-monofase\/","og_site_name":"luma","article_publisher":"https:\/\/www.facebook.com\/luma.it\/","article_modified_time":"2019-09-05T16:35:25+00:00","og_image":[{"width":1152,"height":768,"url":"http:\/\/luma.it\/wp-content\/uploads\/2018\/04\/s-l1600-4.jpg","type":"image\/jpeg"}],"twitter_card":"summary_large_image","schema":{"@context":"https:\/\/schema.org","@graph":[{"@type":"WebPage","@id":"https:\/\/luma.it\/en\/prodotto\/scaricatore-sovratensione-monofase\/","url":"https:\/\/luma.it\/en\/prodotto\/scaricatore-sovratensione-monofase\/","name":"SCARICATORE SOVRATENSIONE MONOFASE - luma","isPartOf":{"@id":"http:\/\/luma.it\/en\/#website"},"primaryImageOfPage":{"@id":"https:\/\/luma.it\/en\/prodotto\/scaricatore-sovratensione-monofase\/#primaryimage"},"image":{"@id":"https:\/\/luma.it\/en\/prodotto\/scaricatore-sovratensione-monofase\/#primaryimage"},"thumbnailUrl":"https:\/\/luma.it\/wp-content\/uploads\/2018\/04\/s-l1600-4.jpg","datePublished":"2018-04-18T08:41:14+00:00","dateModified":"2019-09-05T16:35:25+00:00","breadcrumb":{"@id":"https:\/\/luma.it\/en\/prodotto\/scaricatore-sovratensione-monofase\/#breadcrumb"},"inLanguage":"en-US","potentialAction":[{"@type":"ReadAction","target":["https:\/\/luma.it\/en\/prodotto\/scaricatore-sovratensione-monofase\/"]}]},{"@type":"ImageObject","inLanguage":"en-US","@id":"https:\/\/luma.it\/en\/prodotto\/scaricatore-sovratensione-monofase\/#primaryimage","url":"https:\/\/luma.it\/wp-content\/uploads\/2018\/04\/s-l1600-4.jpg","contentUrl":"https:\/\/luma.it\/wp-content\/uploads\/2018\/04\/s-l1600-4.jpg","width":1152,"height":768},{"@type":"BreadcrumbList","@id":"https:\/\/luma.it\/en\/prodotto\/scaricatore-sovratensione-monofase\/#breadcrumb","itemListElement":[{"@type":"ListItem","position":1,"name":"Home","item":"http:\/\/luma.it\/en\/"},{"@type":"ListItem","position":2,"name":"Products","item":"https:\/\/luma.it\/en\/shop\/"},{"@type":"ListItem","position":3,"name":"SCARICATORE SOVRATENSIONE MONOFASE"}]},{"@type":"WebSite","@id":"http:\/\/luma.it\/en\/#website","url":"http:\/\/luma.it\/en\/","name":"luma","description":"prodotti tecnologici","publisher":{"@id":"http:\/\/luma.it\/en\/#organization"},"potentialAction":[{"@type":"SearchAction","target":{"@type":"EntryPoint","urlTemplate":"http:\/\/luma.it\/en\/?s={search_term_string}"},"query-input":{"@type":"PropertyValueSpecification","valueRequired":true,"valueName":"search_term_string"}}],"inLanguage":"en-US"},{"@type":"Organization","@id":"http:\/\/luma.it\/en\/#organization","name":"luma","url":"http:\/\/luma.it\/en\/","logo":{"@type":"ImageObject","inLanguage":"en-US","@id":"http:\/\/luma.it\/en\/#\/schema\/logo\/image\/","url":"https:\/\/luma.it\/wp-content\/uploads\/2018\/04\/LOGO_LUMAp.jpg","contentUrl":"https:\/\/luma.it\/wp-content\/uploads\/2018\/04\/LOGO_LUMAp.jpg","width":100,"height":43,"caption":"luma"},"image":{"@id":"http:\/\/luma.it\/en\/#\/schema\/logo\/image\/"},"sameAs":["https:\/\/www.facebook.com\/luma.it\/"]}]}},"_links":{"self":[{"href":"https:\/\/luma.it\/en\/wp-json\/wp\/v2\/product\/341","targetHints":{"allow":["GET"]}}],"collection":[{"href":"https:\/\/luma.it\/en\/wp-json\/wp\/v2\/product"}],"about":[{"href":"https:\/\/luma.it\/en\/wp-json\/wp\/v2\/types\/product"}],"version-history":[{"count":1,"href":"https:\/\/luma.it\/en\/wp-json\/wp\/v2\/product\/341\/revisions"}],"predecessor-version":[{"id":613,"href":"https:\/\/luma.it\/en\/wp-json\/wp\/v2\/product\/341\/revisions\/613"}],"wp:featuredmedia":[{"embeddable":true,"href":"https:\/\/luma.it\/en\/wp-json\/wp\/v2\/media\/342"}],"wp:attachment":[{"href":"https:\/\/luma.it\/en\/wp-json\/wp\/v2\/media?parent=341"}],"wp:term":[{"taxonomy":"product_brand","embeddable":true,"href":"https:\/\/luma.it\/en\/wp-json\/wp\/v2\/product_brand?post=341"},{"taxonomy":"product_cat","embeddable":true,"href":"https:\/\/luma.it\/en\/wp-json\/wp\/v2\/product_cat?post=341"},{"taxonomy":"product_tag","embeddable":true,"href":"https:\/\/luma.it\/en\/wp-json\/wp\/v2\/product_tag?post=341"}],"curies":[{"name":"wp","href":"https:\/\/api.w.org\/{rel}","templated":true}]}}