{"id":330,"date":"2018-04-18T09:18:19","date_gmt":"2018-04-18T08:18:19","guid":{"rendered":"http:\/\/lnx.luma.it\/?post_type=product&#038;p=330"},"modified":"2020-07-14T07:51:50","modified_gmt":"2020-07-14T05:51:50","slug":"scaricatore-sovratensione-dantenna","status":"publish","type":"product","link":"https:\/\/luma.it\/en\/prodotto\/scaricatore-sovratensione-dantenna\/","title":{"rendered":"SCARICATORE SOVRATENSIONE D&#8217;ANTENNA connettore di tipo F"},"content":{"rendered":"<p><img fetchpriority=\"high\" decoding=\"async\" class=\"alignnone size-medium wp-image-331 lazyload\" src=\"data:image\/gif;base64,R0lGODlhAQABAIAAAAAAAP\/\/\/yH5BAEAAAAALAAAAAABAAEAAAIBRAA7\" data-src=\"http:\/\/lnx.luma.it\/wp-content\/uploads\/2018\/04\/s-l1600-300x215.jpg\" alt=\"\" width=\"300\" height=\"215\" \/><noscript><img decoding=\"async\" class=\"alignnone size-medium wp-image-331 lazyload\" src=\"http:\/\/lnx.luma.it\/wp-content\/uploads\/2018\/04\/s-l1600-300x215.jpg\" alt=\"\" width=\"300\" height=\"215\" \/><\/noscript><\/p>\n","protected":false},"excerpt":{"rendered":"<p>SCARICATORE SOVRATENSIONE D&#8217; ANTENNA PER PROTEZIONI DA FULMINI E SCARICHE ATMOSFERICHE CON QUESTO SCARICATORE PUOI PROTEGGERE I TUOI TELEVISORI, LCD, DECODER DA FULMINI FACILE DA MONTARE \u00e8 sufficiente collegare il dispositivo nel cavo di antenna tra l&#8217; antenna e l&#8217; amplificatore tv , collegando ad un cavo di terra, prezzo compreso di Iva per installatori e artigiani rilascio fattura disponibile prezzi scontati per quantit\u00e0 superiori a 10 pezzi.<\/p>\n<p>Questo tipo di scaricatore si pu\u00f2 montare in tutti tipi di impianto di antenna DIGITALE TERRESTE e SATELLITARE , \u00e9 un ottimo dispositivo per la protezione contro le sovratensioni provocate da fulmini durante temporali , questi apparecchi sono comunemente denominati SPD ( SURGE PROTECTION DEVICES).<\/p>\n<p><a href=\"http:\/\/luma.it\/\/wp-content\/uploads\/2020\/07\/scaricatore-antenna-tipo-F-ingresso-e-uscita-scaled.jpg\"><img decoding=\"async\" class=\"alignnone size-medium wp-image-990\" src=\"http:\/\/luma.it\/\/wp-content\/uploads\/2020\/07\/scaricatore-antenna-tipo-F-ingresso-e-uscita-300x216.jpg\" alt=\"\" width=\"300\" height=\"216\" srcset=\"https:\/\/luma.it\/wp-content\/uploads\/2020\/07\/scaricatore-antenna-tipo-F-ingresso-e-uscita-300x216.jpg 300w, https:\/\/luma.it\/wp-content\/uploads\/2020\/07\/scaricatore-antenna-tipo-F-ingresso-e-uscita-1024x736.jpg 1024w, https:\/\/luma.it\/wp-content\/uploads\/2020\/07\/scaricatore-antenna-tipo-F-ingresso-e-uscita-768x552.jpg 768w, https:\/\/luma.it\/wp-content\/uploads\/2020\/07\/scaricatore-antenna-tipo-F-ingresso-e-uscita-1536x1103.jpg 1536w, https:\/\/luma.it\/wp-content\/uploads\/2020\/07\/scaricatore-antenna-tipo-F-ingresso-e-uscita-2048x1471.jpg 2048w, https:\/\/luma.it\/wp-content\/uploads\/2020\/07\/scaricatore-antenna-tipo-F-ingresso-e-uscita-600x431.jpg 600w\" sizes=\"(max-width: 300px) 100vw, 300px\" \/><\/a><\/p>\n<p>Sono dispositivi progettati per salvaguardare i sistemi e le apparecchiature elettriche contro le sovratensioni . La loro funzione e quella di deviare a terra la corrente di scarica impulsiva generata da una sovratensione proteggendo in questo modo le apparecchiature a Valle<\/p>\n","protected":false},"featured_media":984,"template":"","meta":{"site-sidebar-layout":"default","site-content-layout":"default","ast-site-content-layout":"default","site-content-style":"default","site-sidebar-style":"default","ast-global-header-display":"","ast-banner-title-visibility":"","ast-main-header-display":"","ast-hfb-above-header-display":"","ast-hfb-below-header-display":"","ast-hfb-mobile-header-display":"","site-post-title":"","ast-breadcrumbs-content":"","ast-featured-img":"","footer-sml-layout":"","ast-disable-related-posts":"","theme-transparent-header-meta":"default","adv-header-id-meta":"","stick-header-meta":"","header-above-stick-meta":"","header-main-stick-meta":"","header-below-stick-meta":"","astra-migrate-meta-layouts":"default","ast-page-background-enabled":"default","ast-page-background-meta":{"desktop":{"background-color":"","background-image":"","background-repeat":"repeat","background-position":"center center","background-size":"auto","background-attachment":"scroll","background-type":"","background-media":"","overlay-type":"","overlay-color":"","overlay-opacity":"","overlay-gradient":""},"tablet":{"background-color":"","background-image":"","background-repeat":"repeat","background-position":"center center","background-size":"auto","background-attachment":"scroll","background-type":"","background-media":"","overlay-type":"","overlay-color":"","overlay-opacity":"","overlay-gradient":""},"mobile":{"background-color":"","background-image":"","background-repeat":"repeat","background-position":"center center","background-size":"auto","background-attachment":"scroll","background-type":"","background-media":"","overlay-type":"","overlay-color":"","overlay-opacity":"","overlay-gradient":""}},"ast-content-background-meta":{"desktop":{"background-color":"var(--ast-global-color-5)","background-image":"","background-repeat":"repeat","background-position":"center center","background-size":"auto","background-attachment":"scroll","background-type":"","background-media":"","overlay-type":"","overlay-color":"","overlay-opacity":"","overlay-gradient":""},"tablet":{"background-color":"var(--ast-global-color-5)","background-image":"","background-repeat":"repeat","background-position":"center center","background-size":"auto","background-attachment":"scroll","background-type":"","background-media":"","overlay-type":"","overlay-color":"","overlay-opacity":"","overlay-gradient":""},"mobile":{"background-color":"var(--ast-global-color-5)","background-image":"","background-repeat":"repeat","background-position":"center center","background-size":"auto","background-attachment":"scroll","background-type":"","background-media":"","overlay-type":"","overlay-color":"","overlay-opacity":"","overlay-gradient":""}}},"product_brand":[],"product_cat":[26],"product_tag":[],"class_list":{"0":"post-330","1":"product","2":"type-product","3":"status-publish","4":"has-post-thumbnail","6":"product_cat-protezione_sovratensione","7":"desktop-align-left","8":"tablet-align-left","9":"mobile-align-left","11":"first","12":"instock","13":"shipping-taxable","14":"product-type-simple"},"yoast_head":"<!-- This site is optimized with the Yoast SEO plugin v27.4 - https:\/\/yoast.com\/product\/yoast-seo-wordpress\/ -->\n<title>SCARICATORE SOVRATENSIONE D&#039;ANTENNA connettore di tipo F - luma<\/title>\n<meta name=\"robots\" content=\"index, follow, max-snippet:-1, max-image-preview:large, max-video-preview:-1\" \/>\n<link rel=\"canonical\" href=\"https:\/\/luma.it\/en\/prodotto\/scaricatore-sovratensione-dantenna\/\" \/>\n<meta property=\"og:locale\" content=\"en_US\" \/>\n<meta property=\"og:type\" content=\"article\" \/>\n<meta property=\"og:title\" content=\"SCARICATORE SOVRATENSIONE D&#039;ANTENNA connettore di tipo F - luma\" \/>\n<meta property=\"og:description\" content=\"SCARICATORE SOVRATENSIONE D&#039; ANTENNA PER PROTEZIONI DA FULMINI E SCARICHE ATMOSFERICHE CON QUESTO SCARICATORE PUOI PROTEGGERE I TUOI TELEVISORI, LCD, DECODER DA FULMINI FACILE DA MONTARE \u00e8 sufficiente collegare il dispositivo nel cavo di antenna tra l&#039; antenna e l&#039; amplificatore tv , collegando ad un cavo di terra, prezzo compreso di Iva per installatori e artigiani rilascio fattura disponibile prezzi scontati per quantit\u00e0 superiori a 10 pezzi. Questo tipo di scaricatore si pu\u00f2 montare in tutti tipi di impianto di antenna DIGITALE TERRESTE e SATELLITARE , \u00e9 un ottimo dispositivo per la protezione contro le sovratensioni provocate da fulmini durante temporali , questi apparecchi sono comunemente denominati SPD ( SURGE PROTECTION DEVICES).  Sono dispositivi progettati per salvaguardare i sistemi e le apparecchiature elettriche contro le sovratensioni . La loro funzione e quella di deviare a terra la corrente di scarica impulsiva generata da una sovratensione proteggendo in questo modo le apparecchiature a Valle\" \/>\n<meta property=\"og:url\" content=\"https:\/\/luma.it\/en\/prodotto\/scaricatore-sovratensione-dantenna\/\" \/>\n<meta property=\"og:site_name\" content=\"luma\" \/>\n<meta property=\"article:publisher\" content=\"https:\/\/www.facebook.com\/luma.it\/\" \/>\n<meta property=\"article:modified_time\" content=\"2020-07-14T05:51:50+00:00\" \/>\n<meta property=\"og:image\" content=\"http:\/\/luma.it\/wp-content\/uploads\/2020\/07\/scaricatore-antenna-tipo-F-scaled.jpg\" \/>\n\t<meta property=\"og:image:width\" content=\"2560\" \/>\n\t<meta property=\"og:image:height\" content=\"1839\" \/>\n\t<meta property=\"og:image:type\" content=\"image\/jpeg\" \/>\n<meta name=\"twitter:card\" content=\"summary_large_image\" \/>\n<script type=\"application\/ld+json\" class=\"yoast-schema-graph\">{\"@context\":\"https:\\\/\\\/schema.org\",\"@graph\":[{\"@type\":\"WebPage\",\"@id\":\"https:\\\/\\\/luma.it\\\/en\\\/prodotto\\\/scaricatore-sovratensione-dantenna\\\/\",\"url\":\"https:\\\/\\\/luma.it\\\/en\\\/prodotto\\\/scaricatore-sovratensione-dantenna\\\/\",\"name\":\"SCARICATORE SOVRATENSIONE D'ANTENNA connettore di tipo F - luma\",\"isPartOf\":{\"@id\":\"http:\\\/\\\/luma.it\\\/en\\\/#website\"},\"primaryImageOfPage\":{\"@id\":\"https:\\\/\\\/luma.it\\\/en\\\/prodotto\\\/scaricatore-sovratensione-dantenna\\\/#primaryimage\"},\"image\":{\"@id\":\"https:\\\/\\\/luma.it\\\/en\\\/prodotto\\\/scaricatore-sovratensione-dantenna\\\/#primaryimage\"},\"thumbnailUrl\":\"https:\\\/\\\/luma.it\\\/wp-content\\\/uploads\\\/2020\\\/07\\\/scaricatore-antenna-tipo-F-scaled.jpg\",\"datePublished\":\"2018-04-18T08:18:19+00:00\",\"dateModified\":\"2020-07-14T05:51:50+00:00\",\"breadcrumb\":{\"@id\":\"https:\\\/\\\/luma.it\\\/en\\\/prodotto\\\/scaricatore-sovratensione-dantenna\\\/#breadcrumb\"},\"inLanguage\":\"en-US\",\"potentialAction\":[{\"@type\":\"ReadAction\",\"target\":[\"https:\\\/\\\/luma.it\\\/en\\\/prodotto\\\/scaricatore-sovratensione-dantenna\\\/\"]}]},{\"@type\":\"ImageObject\",\"inLanguage\":\"en-US\",\"@id\":\"https:\\\/\\\/luma.it\\\/en\\\/prodotto\\\/scaricatore-sovratensione-dantenna\\\/#primaryimage\",\"url\":\"https:\\\/\\\/luma.it\\\/wp-content\\\/uploads\\\/2020\\\/07\\\/scaricatore-antenna-tipo-F-scaled.jpg\",\"contentUrl\":\"https:\\\/\\\/luma.it\\\/wp-content\\\/uploads\\\/2020\\\/07\\\/scaricatore-antenna-tipo-F-scaled.jpg\",\"width\":2560,\"height\":1839},{\"@type\":\"BreadcrumbList\",\"@id\":\"https:\\\/\\\/luma.it\\\/en\\\/prodotto\\\/scaricatore-sovratensione-dantenna\\\/#breadcrumb\",\"itemListElement\":[{\"@type\":\"ListItem\",\"position\":1,\"name\":\"Home\",\"item\":\"http:\\\/\\\/luma.it\\\/en\\\/\"},{\"@type\":\"ListItem\",\"position\":2,\"name\":\"Products\",\"item\":\"https:\\\/\\\/luma.it\\\/en\\\/shop\\\/\"},{\"@type\":\"ListItem\",\"position\":3,\"name\":\"SCARICATORE SOVRATENSIONE D&#8217;ANTENNA connettore di tipo F\"}]},{\"@type\":\"WebSite\",\"@id\":\"http:\\\/\\\/luma.it\\\/en\\\/#website\",\"url\":\"http:\\\/\\\/luma.it\\\/en\\\/\",\"name\":\"luma\",\"description\":\"prodotti tecnologici\",\"publisher\":{\"@id\":\"http:\\\/\\\/luma.it\\\/en\\\/#organization\"},\"potentialAction\":[{\"@type\":\"SearchAction\",\"target\":{\"@type\":\"EntryPoint\",\"urlTemplate\":\"http:\\\/\\\/luma.it\\\/en\\\/?s={search_term_string}\"},\"query-input\":{\"@type\":\"PropertyValueSpecification\",\"valueRequired\":true,\"valueName\":\"search_term_string\"}}],\"inLanguage\":\"en-US\"},{\"@type\":\"Organization\",\"@id\":\"http:\\\/\\\/luma.it\\\/en\\\/#organization\",\"name\":\"luma\",\"url\":\"http:\\\/\\\/luma.it\\\/en\\\/\",\"logo\":{\"@type\":\"ImageObject\",\"inLanguage\":\"en-US\",\"@id\":\"http:\\\/\\\/luma.it\\\/en\\\/#\\\/schema\\\/logo\\\/image\\\/\",\"url\":\"https:\\\/\\\/luma.it\\\/wp-content\\\/uploads\\\/2018\\\/04\\\/LOGO_LUMAp.jpg\",\"contentUrl\":\"https:\\\/\\\/luma.it\\\/wp-content\\\/uploads\\\/2018\\\/04\\\/LOGO_LUMAp.jpg\",\"width\":100,\"height\":43,\"caption\":\"luma\"},\"image\":{\"@id\":\"http:\\\/\\\/luma.it\\\/en\\\/#\\\/schema\\\/logo\\\/image\\\/\"},\"sameAs\":[\"https:\\\/\\\/www.facebook.com\\\/luma.it\\\/\"]}]}<\/script>\n<!-- \/ Yoast SEO plugin. -->","yoast_head_json":{"title":"SCARICATORE SOVRATENSIONE D'ANTENNA connettore di tipo F - luma","robots":{"index":"index","follow":"follow","max-snippet":"max-snippet:-1","max-image-preview":"max-image-preview:large","max-video-preview":"max-video-preview:-1"},"canonical":"https:\/\/luma.it\/en\/prodotto\/scaricatore-sovratensione-dantenna\/","og_locale":"en_US","og_type":"article","og_title":"SCARICATORE SOVRATENSIONE D'ANTENNA connettore di tipo F - luma","og_description":"SCARICATORE SOVRATENSIONE D' ANTENNA PER PROTEZIONI DA FULMINI E SCARICHE ATMOSFERICHE CON QUESTO SCARICATORE PUOI PROTEGGERE I TUOI TELEVISORI, LCD, DECODER DA FULMINI FACILE DA MONTARE \u00e8 sufficiente collegare il dispositivo nel cavo di antenna tra l' antenna e l' amplificatore tv , collegando ad un cavo di terra, prezzo compreso di Iva per installatori e artigiani rilascio fattura disponibile prezzi scontati per quantit\u00e0 superiori a 10 pezzi. Questo tipo di scaricatore si pu\u00f2 montare in tutti tipi di impianto di antenna DIGITALE TERRESTE e SATELLITARE , \u00e9 un ottimo dispositivo per la protezione contro le sovratensioni provocate da fulmini durante temporali , questi apparecchi sono comunemente denominati SPD ( SURGE PROTECTION DEVICES).  Sono dispositivi progettati per salvaguardare i sistemi e le apparecchiature elettriche contro le sovratensioni . La loro funzione e quella di deviare a terra la corrente di scarica impulsiva generata da una sovratensione proteggendo in questo modo le apparecchiature a Valle","og_url":"https:\/\/luma.it\/en\/prodotto\/scaricatore-sovratensione-dantenna\/","og_site_name":"luma","article_publisher":"https:\/\/www.facebook.com\/luma.it\/","article_modified_time":"2020-07-14T05:51:50+00:00","og_image":[{"width":2560,"height":1839,"url":"http:\/\/luma.it\/wp-content\/uploads\/2020\/07\/scaricatore-antenna-tipo-F-scaled.jpg","type":"image\/jpeg"}],"twitter_card":"summary_large_image","schema":{"@context":"https:\/\/schema.org","@graph":[{"@type":"WebPage","@id":"https:\/\/luma.it\/en\/prodotto\/scaricatore-sovratensione-dantenna\/","url":"https:\/\/luma.it\/en\/prodotto\/scaricatore-sovratensione-dantenna\/","name":"SCARICATORE SOVRATENSIONE D'ANTENNA connettore di tipo F - luma","isPartOf":{"@id":"http:\/\/luma.it\/en\/#website"},"primaryImageOfPage":{"@id":"https:\/\/luma.it\/en\/prodotto\/scaricatore-sovratensione-dantenna\/#primaryimage"},"image":{"@id":"https:\/\/luma.it\/en\/prodotto\/scaricatore-sovratensione-dantenna\/#primaryimage"},"thumbnailUrl":"https:\/\/luma.it\/wp-content\/uploads\/2020\/07\/scaricatore-antenna-tipo-F-scaled.jpg","datePublished":"2018-04-18T08:18:19+00:00","dateModified":"2020-07-14T05:51:50+00:00","breadcrumb":{"@id":"https:\/\/luma.it\/en\/prodotto\/scaricatore-sovratensione-dantenna\/#breadcrumb"},"inLanguage":"en-US","potentialAction":[{"@type":"ReadAction","target":["https:\/\/luma.it\/en\/prodotto\/scaricatore-sovratensione-dantenna\/"]}]},{"@type":"ImageObject","inLanguage":"en-US","@id":"https:\/\/luma.it\/en\/prodotto\/scaricatore-sovratensione-dantenna\/#primaryimage","url":"https:\/\/luma.it\/wp-content\/uploads\/2020\/07\/scaricatore-antenna-tipo-F-scaled.jpg","contentUrl":"https:\/\/luma.it\/wp-content\/uploads\/2020\/07\/scaricatore-antenna-tipo-F-scaled.jpg","width":2560,"height":1839},{"@type":"BreadcrumbList","@id":"https:\/\/luma.it\/en\/prodotto\/scaricatore-sovratensione-dantenna\/#breadcrumb","itemListElement":[{"@type":"ListItem","position":1,"name":"Home","item":"http:\/\/luma.it\/en\/"},{"@type":"ListItem","position":2,"name":"Products","item":"https:\/\/luma.it\/en\/shop\/"},{"@type":"ListItem","position":3,"name":"SCARICATORE SOVRATENSIONE D&#8217;ANTENNA connettore di tipo F"}]},{"@type":"WebSite","@id":"http:\/\/luma.it\/en\/#website","url":"http:\/\/luma.it\/en\/","name":"luma","description":"prodotti tecnologici","publisher":{"@id":"http:\/\/luma.it\/en\/#organization"},"potentialAction":[{"@type":"SearchAction","target":{"@type":"EntryPoint","urlTemplate":"http:\/\/luma.it\/en\/?s={search_term_string}"},"query-input":{"@type":"PropertyValueSpecification","valueRequired":true,"valueName":"search_term_string"}}],"inLanguage":"en-US"},{"@type":"Organization","@id":"http:\/\/luma.it\/en\/#organization","name":"luma","url":"http:\/\/luma.it\/en\/","logo":{"@type":"ImageObject","inLanguage":"en-US","@id":"http:\/\/luma.it\/en\/#\/schema\/logo\/image\/","url":"https:\/\/luma.it\/wp-content\/uploads\/2018\/04\/LOGO_LUMAp.jpg","contentUrl":"https:\/\/luma.it\/wp-content\/uploads\/2018\/04\/LOGO_LUMAp.jpg","width":100,"height":43,"caption":"luma"},"image":{"@id":"http:\/\/luma.it\/en\/#\/schema\/logo\/image\/"},"sameAs":["https:\/\/www.facebook.com\/luma.it\/"]}]}},"_links":{"self":[{"href":"https:\/\/luma.it\/en\/wp-json\/wp\/v2\/product\/330","targetHints":{"allow":["GET"]}}],"collection":[{"href":"https:\/\/luma.it\/en\/wp-json\/wp\/v2\/product"}],"about":[{"href":"https:\/\/luma.it\/en\/wp-json\/wp\/v2\/types\/product"}],"version-history":[{"count":3,"href":"https:\/\/luma.it\/en\/wp-json\/wp\/v2\/product\/330\/revisions"}],"predecessor-version":[{"id":992,"href":"https:\/\/luma.it\/en\/wp-json\/wp\/v2\/product\/330\/revisions\/992"}],"wp:featuredmedia":[{"embeddable":true,"href":"https:\/\/luma.it\/en\/wp-json\/wp\/v2\/media\/984"}],"wp:attachment":[{"href":"https:\/\/luma.it\/en\/wp-json\/wp\/v2\/media?parent=330"}],"wp:term":[{"taxonomy":"product_brand","embeddable":true,"href":"https:\/\/luma.it\/en\/wp-json\/wp\/v2\/product_brand?post=330"},{"taxonomy":"product_cat","embeddable":true,"href":"https:\/\/luma.it\/en\/wp-json\/wp\/v2\/product_cat?post=330"},{"taxonomy":"product_tag","embeddable":true,"href":"https:\/\/luma.it\/en\/wp-json\/wp\/v2\/product_tag?post=330"}],"curies":[{"name":"wp","href":"https:\/\/api.w.org\/{rel}","templated":true}]}}