{"id":187,"date":"2018-04-13T09:05:05","date_gmt":"2018-04-13T09:05:05","guid":{"rendered":"http:\/\/lnx.luma.it\/?post_type=product&#038;p=187"},"modified":"2023-02-08T12:22:14","modified_gmt":"2023-02-08T10:22:14","slug":"diffusore-acustico-melody-sound","status":"publish","type":"product","link":"https:\/\/luma.it\/en\/prodotto\/diffusore-acustico-melody-sound\/","title":{"rendered":"DIFFUSORE ACUSTICO PER GIARDINO MELODY SOUND"},"content":{"rendered":"<p><a href=\"http:\/\/luma.it\/wp-content\/uploads\/2018\/04\/melsabbia-.jpg\"><img fetchpriority=\"high\" decoding=\"async\" class=\"alignnone size-medium wp-image-198 lazyload\" src=\"data:image\/gif;base64,R0lGODlhAQABAIAAAAAAAP\/\/\/yH5BAEAAAAALAAAAAABAAEAAAIBRAA7\" data-src=\"http:\/\/luma.it\/wp-content\/uploads\/2018\/04\/melsabbia--225x300.jpg\" alt=\"\" width=\"225\" height=\"300\" \/><noscript><img decoding=\"async\" class=\"alignnone size-medium wp-image-198 lazyload\" src=\"http:\/\/luma.it\/wp-content\/uploads\/2018\/04\/melsabbia--225x300.jpg\" alt=\"\" width=\"225\" height=\"300\" srcset=\"https:\/\/luma.it\/wp-content\/uploads\/2018\/04\/melsabbia--225x300.jpg 225w, https:\/\/luma.it\/wp-content\/uploads\/2018\/04\/melsabbia--600x800.jpg 600w, https:\/\/luma.it\/wp-content\/uploads\/2018\/04\/melsabbia--768x1024.jpg 768w, https:\/\/luma.it\/wp-content\/uploads\/2018\/04\/melsabbia-.jpg 1536w\" sizes=\"(max-width: 225px) 100vw, 225px\" \/><\/noscript><\/a><a href=\"http:\/\/luma.it\/wp-content\/uploads\/2018\/04\/melodybasso3.jpg\"><img decoding=\"async\" class=\"alignnone size-medium wp-image-192 lazyload\" src=\"data:image\/gif;base64,R0lGODlhAQABAIAAAAAAAP\/\/\/yH5BAEAAAAALAAAAAABAAEAAAIBRAA7\" data-src=\"http:\/\/luma.it\/wp-content\/uploads\/2018\/04\/melodybasso3-285x300.jpg\" alt=\"\" width=\"285\" height=\"300\" \/><noscript><img loading=\"lazy\" decoding=\"async\" class=\"alignnone size-medium wp-image-192 lazyload\" src=\"http:\/\/luma.it\/wp-content\/uploads\/2018\/04\/melodybasso3-285x300.jpg\" alt=\"\" width=\"285\" height=\"300\" srcset=\"https:\/\/luma.it\/wp-content\/uploads\/2018\/04\/melodybasso3-285x300.jpg 285w, https:\/\/luma.it\/wp-content\/uploads\/2018\/04\/melodybasso3-600x633.jpg 600w, https:\/\/luma.it\/wp-content\/uploads\/2018\/04\/melodybasso3-768x810.jpg 768w, https:\/\/luma.it\/wp-content\/uploads\/2018\/04\/melodybasso3-971x1024.jpg 971w, https:\/\/luma.it\/wp-content\/uploads\/2018\/04\/melodybasso3.jpg 1252w\" sizes=\"(max-width: 285px) 100vw, 285px\" \/><\/noscript><\/a><\/p>\n","protected":false},"excerpt":{"rendered":"<p><strong>diffusore acustico per esterni in polietilene che diffonde omnidirezionalmente musica o messaggi, disponibile versione 8 Ohm oppure 100 Volt con trasformatore torroidale.\u00a0<\/strong><\/p>\n<p class=\"Stile17\">Melody Sound \u00e9 un altoparlante acustico per esterni che si pu\u00f2 collegare a tutti gli impianti audio professionali e Hi-Fi system. Grazie al suo innovativo design Melody Sound \u00e9 capace di diffondere la musica o messaggi parlati in tutte le direzioni. Melody Sound si pu\u00f2 installare con semplicit\u00e0 su superfici dure come cemento, pietra o interrato in superfici morbide come terra o sabbia.<\/p>\n<p class=\"Stile9\">CARATTERISTICHE TECNICHE<\/p>\n<p class=\"Stile2\"><span class=\"Stile3\"><strong>&#8211; Struttura in\u00a0Polietilene lineare\u00a0LLDPE<br \/>\n&#8211; Dimensioni: 250 x 480 mm<br \/>\n&#8211; Viti in acciaio inox<br \/>\n&#8211; Temperature di utilizzo: -20\/+80 \u00b0C<br \/>\n&#8211; Impedenza 8 Ohm<br \/>\n&#8211;<\/strong>\u00a0Sensibilit\u00e0 90 dB<br \/>\n&#8211; Diametro altoparlante: 165 mm<br \/>\n&#8211; Potenza Altoparlante: 100W &#8211; 2 vie<br \/>\n(50 Watt RMS)<\/span><\/p>\n<p>&nbsp;<\/p>\n","protected":false},"featured_media":196,"template":"","meta":{"site-sidebar-layout":"default","site-content-layout":"default","ast-site-content-layout":"default","site-content-style":"default","site-sidebar-style":"default","ast-global-header-display":"","ast-banner-title-visibility":"","ast-main-header-display":"","ast-hfb-above-header-display":"","ast-hfb-below-header-display":"","ast-hfb-mobile-header-display":"","site-post-title":"","ast-breadcrumbs-content":"","ast-featured-img":"","footer-sml-layout":"","ast-disable-related-posts":"","theme-transparent-header-meta":"default","adv-header-id-meta":"","stick-header-meta":"","header-above-stick-meta":"","header-main-stick-meta":"","header-below-stick-meta":"","astra-migrate-meta-layouts":"default","ast-page-background-enabled":"default","ast-page-background-meta":{"desktop":{"background-color":"","background-image":"","background-repeat":"repeat","background-position":"center center","background-size":"auto","background-attachment":"scroll","background-type":"","background-media":"","overlay-type":"","overlay-color":"","overlay-opacity":"","overlay-gradient":""},"tablet":{"background-color":"","background-image":"","background-repeat":"repeat","background-position":"center center","background-size":"auto","background-attachment":"scroll","background-type":"","background-media":"","overlay-type":"","overlay-color":"","overlay-opacity":"","overlay-gradient":""},"mobile":{"background-color":"","background-image":"","background-repeat":"repeat","background-position":"center center","background-size":"auto","background-attachment":"scroll","background-type":"","background-media":"","overlay-type":"","overlay-color":"","overlay-opacity":"","overlay-gradient":""}},"ast-content-background-meta":{"desktop":{"background-color":"var(--ast-global-color-5)","background-image":"","background-repeat":"repeat","background-position":"center center","background-size":"auto","background-attachment":"scroll","background-type":"","background-media":"","overlay-type":"","overlay-color":"","overlay-opacity":"","overlay-gradient":""},"tablet":{"background-color":"var(--ast-global-color-5)","background-image":"","background-repeat":"repeat","background-position":"center center","background-size":"auto","background-attachment":"scroll","background-type":"","background-media":"","overlay-type":"","overlay-color":"","overlay-opacity":"","overlay-gradient":""},"mobile":{"background-color":"var(--ast-global-color-5)","background-image":"","background-repeat":"repeat","background-position":"center center","background-size":"auto","background-attachment":"scroll","background-type":"","background-media":"","overlay-type":"","overlay-color":"","overlay-opacity":"","overlay-gradient":""}}},"product_brand":[],"product_cat":[19],"product_tag":[],"class_list":{"0":"post-187","1":"product","2":"type-product","3":"status-publish","4":"has-post-thumbnail","6":"product_cat-diffusori_acustici_giardino","7":"desktop-align-left","8":"tablet-align-left","9":"mobile-align-left","11":"first","12":"instock","13":"shipping-taxable","14":"product-type-simple"},"yoast_head":"<!-- This site is optimized with the Yoast SEO plugin v27.4 - https:\/\/yoast.com\/product\/yoast-seo-wordpress\/ -->\n<title>DIFFUSORE ACUSTICO PER GIARDINO MELODY SOUND - luma<\/title>\n<meta name=\"robots\" content=\"index, follow, max-snippet:-1, max-image-preview:large, max-video-preview:-1\" \/>\n<link rel=\"canonical\" href=\"https:\/\/luma.it\/en\/prodotto\/diffusore-acustico-melody-sound\/\" \/>\n<meta property=\"og:locale\" content=\"en_US\" \/>\n<meta property=\"og:type\" content=\"article\" \/>\n<meta property=\"og:title\" content=\"DIFFUSORE ACUSTICO PER GIARDINO MELODY SOUND - luma\" \/>\n<meta property=\"og:description\" content=\"diffusore acustico per esterni in polietilene che diffonde omnidirezionalmente musica o messaggi, disponibile versione 8 Ohm oppure 100 Volt con trasformatore torroidale.\u00a0 Melody Sound \u00e9 un altoparlante acustico per esterni che si pu\u00f2 collegare a tutti gli impianti audio professionali e Hi-Fi system. Grazie al suo innovativo design Melody Sound \u00e9 capace di diffondere la musica o messaggi parlati in tutte le direzioni. Melody Sound si pu\u00f2 installare con semplicit\u00e0 su superfici dure come cemento, pietra o interrato in superfici morbide come terra o sabbia. CARATTERISTICHE TECNICHE - Struttura in\u00a0Polietilene lineare\u00a0LLDPE - Dimensioni: 250 x 480 mm - Viti in acciaio inox - Temperature di utilizzo: -20\/+80 \u00b0C - Impedenza 8 Ohm -\u00a0Sensibilit\u00e0 90 dB - Diametro altoparlante: 165 mm - Potenza Altoparlante: 100W - 2 vie (50 Watt RMS) &nbsp;\" \/>\n<meta property=\"og:url\" content=\"https:\/\/luma.it\/en\/prodotto\/diffusore-acustico-melody-sound\/\" \/>\n<meta property=\"og:site_name\" content=\"luma\" \/>\n<meta property=\"article:publisher\" content=\"https:\/\/www.facebook.com\/luma.it\/\" \/>\n<meta property=\"article:modified_time\" content=\"2023-02-08T10:22:14+00:00\" \/>\n<meta property=\"og:image\" content=\"http:\/\/luma.it\/wp-content\/uploads\/2018\/04\/melodyverde.jpg\" \/>\n\t<meta property=\"og:image:width\" content=\"1916\" \/>\n\t<meta property=\"og:image:height\" content=\"1928\" \/>\n\t<meta property=\"og:image:type\" content=\"image\/jpeg\" \/>\n<meta name=\"twitter:card\" content=\"summary_large_image\" \/>\n<meta name=\"twitter:label1\" content=\"Est. reading time\" \/>\n\t<meta name=\"twitter:data1\" content=\"1 minute\" \/>\n<script type=\"application\/ld+json\" class=\"yoast-schema-graph\">{\"@context\":\"https:\\\/\\\/schema.org\",\"@graph\":[{\"@type\":\"WebPage\",\"@id\":\"https:\\\/\\\/luma.it\\\/en\\\/prodotto\\\/diffusore-acustico-melody-sound\\\/\",\"url\":\"https:\\\/\\\/luma.it\\\/en\\\/prodotto\\\/diffusore-acustico-melody-sound\\\/\",\"name\":\"DIFFUSORE ACUSTICO PER GIARDINO MELODY SOUND - luma\",\"isPartOf\":{\"@id\":\"http:\\\/\\\/luma.it\\\/en\\\/#website\"},\"primaryImageOfPage\":{\"@id\":\"https:\\\/\\\/luma.it\\\/en\\\/prodotto\\\/diffusore-acustico-melody-sound\\\/#primaryimage\"},\"image\":{\"@id\":\"https:\\\/\\\/luma.it\\\/en\\\/prodotto\\\/diffusore-acustico-melody-sound\\\/#primaryimage\"},\"thumbnailUrl\":\"https:\\\/\\\/luma.it\\\/wp-content\\\/uploads\\\/2018\\\/04\\\/melodyverde.jpg\",\"datePublished\":\"2018-04-13T09:05:05+00:00\",\"dateModified\":\"2023-02-08T10:22:14+00:00\",\"breadcrumb\":{\"@id\":\"https:\\\/\\\/luma.it\\\/en\\\/prodotto\\\/diffusore-acustico-melody-sound\\\/#breadcrumb\"},\"inLanguage\":\"en-US\",\"potentialAction\":[{\"@type\":\"ReadAction\",\"target\":[\"https:\\\/\\\/luma.it\\\/en\\\/prodotto\\\/diffusore-acustico-melody-sound\\\/\"]}]},{\"@type\":\"ImageObject\",\"inLanguage\":\"en-US\",\"@id\":\"https:\\\/\\\/luma.it\\\/en\\\/prodotto\\\/diffusore-acustico-melody-sound\\\/#primaryimage\",\"url\":\"https:\\\/\\\/luma.it\\\/wp-content\\\/uploads\\\/2018\\\/04\\\/melodyverde.jpg\",\"contentUrl\":\"https:\\\/\\\/luma.it\\\/wp-content\\\/uploads\\\/2018\\\/04\\\/melodyverde.jpg\",\"width\":1916,\"height\":1928},{\"@type\":\"BreadcrumbList\",\"@id\":\"https:\\\/\\\/luma.it\\\/en\\\/prodotto\\\/diffusore-acustico-melody-sound\\\/#breadcrumb\",\"itemListElement\":[{\"@type\":\"ListItem\",\"position\":1,\"name\":\"Home\",\"item\":\"http:\\\/\\\/luma.it\\\/en\\\/\"},{\"@type\":\"ListItem\",\"position\":2,\"name\":\"Products\",\"item\":\"https:\\\/\\\/luma.it\\\/en\\\/shop\\\/\"},{\"@type\":\"ListItem\",\"position\":3,\"name\":\"DIFFUSORE ACUSTICO PER GIARDINO MELODY SOUND\"}]},{\"@type\":\"WebSite\",\"@id\":\"http:\\\/\\\/luma.it\\\/en\\\/#website\",\"url\":\"http:\\\/\\\/luma.it\\\/en\\\/\",\"name\":\"luma\",\"description\":\"prodotti tecnologici\",\"publisher\":{\"@id\":\"http:\\\/\\\/luma.it\\\/en\\\/#organization\"},\"potentialAction\":[{\"@type\":\"SearchAction\",\"target\":{\"@type\":\"EntryPoint\",\"urlTemplate\":\"http:\\\/\\\/luma.it\\\/en\\\/?s={search_term_string}\"},\"query-input\":{\"@type\":\"PropertyValueSpecification\",\"valueRequired\":true,\"valueName\":\"search_term_string\"}}],\"inLanguage\":\"en-US\"},{\"@type\":\"Organization\",\"@id\":\"http:\\\/\\\/luma.it\\\/en\\\/#organization\",\"name\":\"luma\",\"url\":\"http:\\\/\\\/luma.it\\\/en\\\/\",\"logo\":{\"@type\":\"ImageObject\",\"inLanguage\":\"en-US\",\"@id\":\"http:\\\/\\\/luma.it\\\/en\\\/#\\\/schema\\\/logo\\\/image\\\/\",\"url\":\"https:\\\/\\\/luma.it\\\/wp-content\\\/uploads\\\/2018\\\/04\\\/LOGO_LUMAp.jpg\",\"contentUrl\":\"https:\\\/\\\/luma.it\\\/wp-content\\\/uploads\\\/2018\\\/04\\\/LOGO_LUMAp.jpg\",\"width\":100,\"height\":43,\"caption\":\"luma\"},\"image\":{\"@id\":\"http:\\\/\\\/luma.it\\\/en\\\/#\\\/schema\\\/logo\\\/image\\\/\"},\"sameAs\":[\"https:\\\/\\\/www.facebook.com\\\/luma.it\\\/\"]}]}<\/script>\n<!-- \/ Yoast SEO plugin. -->","yoast_head_json":{"title":"DIFFUSORE ACUSTICO PER GIARDINO MELODY SOUND - luma","robots":{"index":"index","follow":"follow","max-snippet":"max-snippet:-1","max-image-preview":"max-image-preview:large","max-video-preview":"max-video-preview:-1"},"canonical":"https:\/\/luma.it\/en\/prodotto\/diffusore-acustico-melody-sound\/","og_locale":"en_US","og_type":"article","og_title":"DIFFUSORE ACUSTICO PER GIARDINO MELODY SOUND - luma","og_description":"diffusore acustico per esterni in polietilene che diffonde omnidirezionalmente musica o messaggi, disponibile versione 8 Ohm oppure 100 Volt con trasformatore torroidale.\u00a0 Melody Sound \u00e9 un altoparlante acustico per esterni che si pu\u00f2 collegare a tutti gli impianti audio professionali e Hi-Fi system. Grazie al suo innovativo design Melody Sound \u00e9 capace di diffondere la musica o messaggi parlati in tutte le direzioni. Melody Sound si pu\u00f2 installare con semplicit\u00e0 su superfici dure come cemento, pietra o interrato in superfici morbide come terra o sabbia. CARATTERISTICHE TECNICHE - Struttura in\u00a0Polietilene lineare\u00a0LLDPE - Dimensioni: 250 x 480 mm - Viti in acciaio inox - Temperature di utilizzo: -20\/+80 \u00b0C - Impedenza 8 Ohm -\u00a0Sensibilit\u00e0 90 dB - Diametro altoparlante: 165 mm - Potenza Altoparlante: 100W - 2 vie (50 Watt RMS) &nbsp;","og_url":"https:\/\/luma.it\/en\/prodotto\/diffusore-acustico-melody-sound\/","og_site_name":"luma","article_publisher":"https:\/\/www.facebook.com\/luma.it\/","article_modified_time":"2023-02-08T10:22:14+00:00","og_image":[{"width":1916,"height":1928,"url":"http:\/\/luma.it\/wp-content\/uploads\/2018\/04\/melodyverde.jpg","type":"image\/jpeg"}],"twitter_card":"summary_large_image","twitter_misc":{"Est. reading time":"1 minute"},"schema":{"@context":"https:\/\/schema.org","@graph":[{"@type":"WebPage","@id":"https:\/\/luma.it\/en\/prodotto\/diffusore-acustico-melody-sound\/","url":"https:\/\/luma.it\/en\/prodotto\/diffusore-acustico-melody-sound\/","name":"DIFFUSORE ACUSTICO PER GIARDINO MELODY SOUND - luma","isPartOf":{"@id":"http:\/\/luma.it\/en\/#website"},"primaryImageOfPage":{"@id":"https:\/\/luma.it\/en\/prodotto\/diffusore-acustico-melody-sound\/#primaryimage"},"image":{"@id":"https:\/\/luma.it\/en\/prodotto\/diffusore-acustico-melody-sound\/#primaryimage"},"thumbnailUrl":"https:\/\/luma.it\/wp-content\/uploads\/2018\/04\/melodyverde.jpg","datePublished":"2018-04-13T09:05:05+00:00","dateModified":"2023-02-08T10:22:14+00:00","breadcrumb":{"@id":"https:\/\/luma.it\/en\/prodotto\/diffusore-acustico-melody-sound\/#breadcrumb"},"inLanguage":"en-US","potentialAction":[{"@type":"ReadAction","target":["https:\/\/luma.it\/en\/prodotto\/diffusore-acustico-melody-sound\/"]}]},{"@type":"ImageObject","inLanguage":"en-US","@id":"https:\/\/luma.it\/en\/prodotto\/diffusore-acustico-melody-sound\/#primaryimage","url":"https:\/\/luma.it\/wp-content\/uploads\/2018\/04\/melodyverde.jpg","contentUrl":"https:\/\/luma.it\/wp-content\/uploads\/2018\/04\/melodyverde.jpg","width":1916,"height":1928},{"@type":"BreadcrumbList","@id":"https:\/\/luma.it\/en\/prodotto\/diffusore-acustico-melody-sound\/#breadcrumb","itemListElement":[{"@type":"ListItem","position":1,"name":"Home","item":"http:\/\/luma.it\/en\/"},{"@type":"ListItem","position":2,"name":"Products","item":"https:\/\/luma.it\/en\/shop\/"},{"@type":"ListItem","position":3,"name":"DIFFUSORE ACUSTICO PER GIARDINO MELODY SOUND"}]},{"@type":"WebSite","@id":"http:\/\/luma.it\/en\/#website","url":"http:\/\/luma.it\/en\/","name":"luma","description":"prodotti tecnologici","publisher":{"@id":"http:\/\/luma.it\/en\/#organization"},"potentialAction":[{"@type":"SearchAction","target":{"@type":"EntryPoint","urlTemplate":"http:\/\/luma.it\/en\/?s={search_term_string}"},"query-input":{"@type":"PropertyValueSpecification","valueRequired":true,"valueName":"search_term_string"}}],"inLanguage":"en-US"},{"@type":"Organization","@id":"http:\/\/luma.it\/en\/#organization","name":"luma","url":"http:\/\/luma.it\/en\/","logo":{"@type":"ImageObject","inLanguage":"en-US","@id":"http:\/\/luma.it\/en\/#\/schema\/logo\/image\/","url":"https:\/\/luma.it\/wp-content\/uploads\/2018\/04\/LOGO_LUMAp.jpg","contentUrl":"https:\/\/luma.it\/wp-content\/uploads\/2018\/04\/LOGO_LUMAp.jpg","width":100,"height":43,"caption":"luma"},"image":{"@id":"http:\/\/luma.it\/en\/#\/schema\/logo\/image\/"},"sameAs":["https:\/\/www.facebook.com\/luma.it\/"]}]}},"_links":{"self":[{"href":"https:\/\/luma.it\/en\/wp-json\/wp\/v2\/product\/187","targetHints":{"allow":["GET"]}}],"collection":[{"href":"https:\/\/luma.it\/en\/wp-json\/wp\/v2\/product"}],"about":[{"href":"https:\/\/luma.it\/en\/wp-json\/wp\/v2\/types\/product"}],"version-history":[{"count":12,"href":"https:\/\/luma.it\/en\/wp-json\/wp\/v2\/product\/187\/revisions"}],"predecessor-version":[{"id":2149,"href":"https:\/\/luma.it\/en\/wp-json\/wp\/v2\/product\/187\/revisions\/2149"}],"wp:featuredmedia":[{"embeddable":true,"href":"https:\/\/luma.it\/en\/wp-json\/wp\/v2\/media\/196"}],"wp:attachment":[{"href":"https:\/\/luma.it\/en\/wp-json\/wp\/v2\/media?parent=187"}],"wp:term":[{"taxonomy":"product_brand","embeddable":true,"href":"https:\/\/luma.it\/en\/wp-json\/wp\/v2\/product_brand?post=187"},{"taxonomy":"product_cat","embeddable":true,"href":"https:\/\/luma.it\/en\/wp-json\/wp\/v2\/product_cat?post=187"},{"taxonomy":"product_tag","embeddable":true,"href":"https:\/\/luma.it\/en\/wp-json\/wp\/v2\/product_tag?post=187"}],"curies":[{"name":"wp","href":"https:\/\/api.w.org\/{rel}","templated":true}]}}